{"id":26,"date":"2012-08-12T16:32:08","date_gmt":"2012-08-12T14:32:08","guid":{"rendered":"http:\/\/www.antifaschistische-linke.de\/?page_id=26"},"modified":"2022-12-26T21:19:22","modified_gmt":"2022-12-26T20:19:22","slug":"kontakt","status":"publish","type":"page","link":"https:\/\/www.antifaschistische-linke.de\/?page_id=26","title":{"rendered":"Kontakt"},"content":{"rendered":"<p style=\"text-align: justify;\">Wir sind der festen \u00dcberzeugung, dass wir die herrschende Ordnung nur gemeinsam mit vielen Anderen \u00fcberwinden werden. Wenn ihr zu uns Kontakt aufnehmen wollt, k\u00f6nnt ihr das entweder pers\u00f6nlich bei einer unserer Veranstaltungen tun oder ihr schreibt uns eine Mail an:<strong><br \/><\/strong><\/p>\n<p>Mail: info[\u00e4t]antifaschistische-linke[punkt]de<\/p>\n<p>PGP: <a href=\"https:\/\/www.antifaschistische-linke.de\/wp-content\/uploads\/711647B104704E3F22CB1D152F21D0F4E867F26B.pgp\">711647B104704E3F22CB1D152F21D0F4E867F26B<\/a><\/p>\n<p><a href=\"http:\/\/alfr.blogsport.de\/2009\/03\/19\/disclaimer\/\"><strong>[Disclaimer]<\/strong><\/a><\/p>\n\n\n<ul><\/ul>\n","protected":false},"excerpt":{"rendered":"<p>Wir sind der festen \u00dcberzeugung, dass wir die herrschende Ordnung nur gemeinsam mit vielen Anderen \u00fcberwinden werden. Wenn ihr zu uns Kontakt aufnehmen wollt, k\u00f6nnt ihr das entweder pers\u00f6nlich bei einer unserer Veranstaltungen tun oder ihr schreibt uns eine Mail an: Mail: info[\u00e4t]antifaschistische-linke[punkt]de PGP: 711647B104704E3F22CB1D152F21D0F4E867F26B [Disclaimer]<\/p>\n","protected":false},"author":1,"featured_media":0,"parent":0,"menu_order":6,"comment_status":"closed","ping_status":"closed","template":"","meta":[],"_links":{"self":[{"href":"https:\/\/www.antifaschistische-linke.de\/index.php?rest_route=\/wp\/v2\/pages\/26"}],"collection":[{"href":"https:\/\/www.antifaschistische-linke.de\/index.php?rest_route=\/wp\/v2\/pages"}],"about":[{"href":"https:\/\/www.antifaschistische-linke.de\/index.php?rest_route=\/wp\/v2\/types\/page"}],"author":[{"embeddable":true,"href":"https:\/\/www.antifaschistische-linke.de\/index.php?rest_route=\/wp\/v2\/users\/1"}],"replies":[{"embeddable":true,"href":"https:\/\/www.antifaschistische-linke.de\/index.php?rest_route=%2Fwp%2Fv2%2Fcomments&post=26"}],"version-history":[{"count":3,"href":"https:\/\/www.antifaschistische-linke.de\/index.php?rest_route=\/wp\/v2\/pages\/26\/revisions"}],"predecessor-version":[{"id":7279,"href":"https:\/\/www.antifaschistische-linke.de\/index.php?rest_route=\/wp\/v2\/pages\/26\/revisions\/7279"}],"wp:attachment":[{"href":"https:\/\/www.antifaschistische-linke.de\/index.php?rest_route=%2Fwp%2Fv2%2Fmedia&parent=26"}],"curies":[{"name":"wp","href":"https:\/\/api.w.org\/{rel}","templated":true}]}}