{"id":4541,"date":"2015-10-31T09:59:31","date_gmt":"2015-10-31T08:59:31","guid":{"rendered":"http:\/\/www.antifaschistische-linke.de\/?page_id=4541"},"modified":"2022-12-04T17:24:30","modified_gmt":"2022-12-04T16:24:30","slug":"ueber-uns","status":"publish","type":"page","link":"https:\/\/www.antifaschistische-linke.de\/?page_id=4541","title":{"rendered":"\u00dcber uns"},"content":{"rendered":"<p style=\"text-align: justify;\"><strong>Antifaschistisch<\/strong><\/p>\n<p style=\"text-align: justify;\">Antifaschismus bleibt f\u00fcr uns als Linke historische Verpflichtung. Auch heute werden Menschen in Gruppen eingeteilt und die Betroffenen diskriminiert und angegriffen. Die Geschichte hat uns gezeigt, wohin eine solche Logik f\u00fchren kann. Uns geht es dagegen um ein solidarisches Miteinander. Der Einsatz daf\u00fcr umfasst nicht nur den Kampf gegen menschenverachtende Einstellungen und den direkten Widerstand gegen rechte und faschistische Strukturen, sondern auch eine Absage an die kapitalistische Logik, die Menschen nach ihrer N\u00fctzlichkeit sortiert. Nicht nur die Folgen faschistischer Gewalt zeigen, dass Antifaschismus wichtiger Bestandteil linker Politik bleiben muss. Rechtsruck, alte und neue Nazis, massenhafte rassistische Gewalt und Brandanschl\u00e4ge, der antifeministische Rollback und die rechte Hetze der AfD \u2013 all das verdeutlicht, dass wir uns organisieren und in die Offensive kommen m\u00fcssen. Denn je st\u00e4rker die Rechte wird, desto eingeschr\u00e4nkter ist auch unser Handlungsspielraum.<\/p>\n<p style=\"text-align: justify;\"><strong>Kommunistisch<\/strong><\/p>\n<p style=\"text-align: justify;\">Kommunistisch zu sein, bedeutet f\u00fcr uns, alle Verh\u00e4ltnisse umzuwerfen, in denen der Mensch ein erniedrigtes, ein geknechtetes, ein verlassenes Wesen ist. Auch wenn wir heute auf der Stra\u00dfe und im Alltag f\u00fcr konkrete Verbesserungen in vielen Bereichen streiten, sind wir davon \u00fcberzeugt, dass ein gutes Leben f\u00fcr alle im Kapitalismus nicht m\u00f6glich ist. Diese Gesellschaft ist durch und durch gepr\u00e4gt vom Gegensatz zwischen Arm und Reich. Es braucht eine andere Form zu produzieren, welche nicht darauf ausgerichtet ist, m\u00f6glichst viel Profit zu erzielen und Menschen nach ihrer Verwertbarkeit zu beurteilen, sondern die sich an den Bed\u00fcrfnissen aller orientiert. Mit diesem Ziel vor Augen wollen wir uns mit vielen Menschen gemeinsam organisieren und linke Politik gesellschaftlich handlungsf\u00e4hig machen.<\/p>\n<p style=\"text-align: justify;\"><strong>Interventionistisch<\/strong><\/p>\n<p style=\"text-align: justify;\">Interventionistische Politik bedeutet zum Beispiel, dass wir uns dort einmischen, wo Menschen mit den herrschenden Verh\u00e4ltnissen in Konflikt geraten. Wirksame Intervention kann nicht losgel\u00f6st von anderen gesellschaftlichen Akteuren gedacht werden. Sie muss sich auf diese beziehen, sie kritisieren, sich zu ihnen positionieren und mit ihnen kooperieren. Weil wir daran mitwirken wollen, dass die Linke wieder st\u00e4rker wird, ziehen wir uns nicht in Szene-Nischen, in Inaktivit\u00e4t oder ins Private zur\u00fcck. Stattdessen versuchen wir antikapitalistische Positionen zu st\u00e4rken, linke Gegenmacht zu organisieren und eine breite \u00d6ffentlichkeit zu erreichen. Es muss darum gehen, Missst\u00e4nde zu benennen und in aktuelle soziale K\u00e4mpfe einzugreifen \u2013 und gleichzeitig die M\u00f6glichkeit einer kommunistischen Gesellschaft hochzuhalten.<\/p>\n<p style=\"text-align: justify;\"><strong>Kennenlernen<\/strong><\/p>\n<p style=\"text-align: justify;\">Wir sind der festen \u00dcberzeugung, dass wir die herrschende Ordnung nur gemeinsam mit vielen Anderen \u00fcberwinden werden. Wenn ihr zu uns Kontakt aufnehmen wollt, k\u00f6nnt ihr das entweder pers\u00f6nlich bei einer unserer Veranstaltungen tun oder ihr schreibt uns eine Mail an info[\u00e4t]antifaschistische-linke[punkt]de.<strong><br \/>\n<\/strong><\/p>\n<p>Kurzvorstellung als .jpg: <a href=\"https:\/\/www.antifaschistische-linke.de\/?attachment_id=5740\">Innen<\/a> | <a href=\"https:\/\/www.antifaschistische-linke.de\/?attachment_id=5741\">Au\u00dfen<\/a><\/p>\n<hr \/>\n<p style=\"text-align: justify;\"><strong>Unser Selbstverst\u00e4ndnis<\/strong> (Stand Nov. 2017)<strong><br \/>\n<\/strong><\/p>\n<p style=\"text-align: justify;\">Die Antifaschistische Linke Freiburg ist 2009 u.a. aus der Antifaschistischen Aktion Freiburg hervorgegangen. [&#8230;] Unser Selbstverst\u00e4ndnis, mit dem wir 2009 nach au\u00dfen getreten sind, [haben wir 2017 aktualisiert]. Manches haben wir ver\u00e4ndert oder angepasst, wenngleich wir einige Grundkonstanten beibehalten haben. Dabei ist auch dieses Papier eine Momentaufnahme, die unseren gegenw\u00e4rtigen Diskussionsstand widerspiegelt und sich dabei mit uns weiterentwickelt. Ausgangspunkt ist f\u00fcr uns die \u00dcberlegung, wie wir uns lokal und \u00fcberregional an einem Ringen um gesellschaftliche Gegenmacht beteiligen wollen und k\u00f6nnen.<\/p>\n<p style=\"text-align: justify;\">Wir m\u00f6chten gleich zu Beginn betonen, dass die Bek\u00e4mpfung alter und neuer Nazis f\u00fcr uns weiter h\u00f6chste Priorit\u00e4t haben wird. Doch wie bereits der Sozialphilosoph Max Horkheimer wusste: \u201eWer aber vom Kapitalismus nicht reden will, sollte auch vom Faschismus schweigen\u201c. Das bedeutet f\u00fcr uns, dass das Ernstnehmen der Losung \u201eNie wieder Auschwitz!\u201c die \u00dcberwindung der kapitalistischen Produktionsweise zum Ziel haben muss. Wir wollen daher auch weiterhin verbindlich, vertrauensvoll und solidarisch antikapitalistische Politik organisieren, handlungsf\u00e4hig und wirkm\u00e4chtig machen. Wir sehen uns dabei in der Tradition der internationalen Arbeiter_innenbewegung. Wir m\u00f6chten feministische K\u00e4mpfe, das Engagement gegen Rassismus und Ausgrenzung, das Eintreten gegen Sozialabbau und Austerit\u00e4t, den Aufbau einer linken Gegenkultur, Arbeit gegen den neuen alten deutschen Imperialismus und internationalistische Praxis unter dem Dach einer inhaltlichen Begr\u00fcndung und mit konsequent antikapitalistischer Ausrichtung f\u00fchren. Dabei haben wir den Anspruch aus der Seifenblase der \u201elinken Szene\u201c auszubrechen und in die Gesellschaft zu wirken. Wir als Linke in der BRD befinden uns in der Defensive und m\u00fcssen nach neuen Wegen suchen. Das bedeutet: kleinteilige, zerm\u00fcrbende Aufbauarbeit leisten, mit dem Ziel gesellschaftliche Relevanz zu erlangen und als Gruppe und Bewegung zu wachsen.<\/p>\n<p style=\"text-align: justify;\">Weil es die Kommunist_innen verschm\u00e4hen, ihre Absichten zu verheimlichen, wollen wir auf den folgenden Seiten \u00fcber unsere theoretischen Grundannahmen und Grundkonstanten in unserer praktischen Ausrichtung, welche wir im Laufe der vergangenen Jahren erarbeitet haben, Auskunft geben. Wir freuen uns \u00fcber Anregungen, Erg\u00e4nzungen, Kritik und sonstige Reaktionen auf diese Neufassung.<\/p>\n<p style=\"text-align: justify;\"><a href=\"https:\/\/www.antifaschistische-linke.de\/wp-content\/uploads\/Selbstverst\u00e4ndnis_ALFR_2017.pdf\">als .pdf weiterlesen<\/a><\/p>\n<hr \/>\n","protected":false},"excerpt":{"rendered":"<p>Antifaschistisch Antifaschismus bleibt f\u00fcr uns als Linke historische Verpflichtung. Auch heute werden Menschen in Gruppen eingeteilt und die Betroffenen diskriminiert und angegriffen. Die Geschichte hat uns gezeigt, wohin eine solche Logik f\u00fchren kann. Uns geht es dagegen um ein solidarisches Miteinander. Der Einsatz daf\u00fcr umfasst nicht nur den Kampf gegen menschenverachtende Einstellungen und den direkten [&hellip;]<\/p>\n","protected":false},"author":1,"featured_media":5028,"parent":0,"menu_order":0,"comment_status":"closed","ping_status":"closed","template":"","meta":[],"_links":{"self":[{"href":"https:\/\/www.antifaschistische-linke.de\/index.php?rest_route=\/wp\/v2\/pages\/4541"}],"collection":[{"href":"https:\/\/www.antifaschistische-linke.de\/index.php?rest_route=\/wp\/v2\/pages"}],"about":[{"href":"https:\/\/www.antifaschistische-linke.de\/index.php?rest_route=\/wp\/v2\/types\/page"}],"author":[{"embeddable":true,"href":"https:\/\/www.antifaschistische-linke.de\/index.php?rest_route=\/wp\/v2\/users\/1"}],"replies":[{"embeddable":true,"href":"https:\/\/www.antifaschistische-linke.de\/index.php?rest_route=%2Fwp%2Fv2%2Fcomments&post=4541"}],"version-history":[{"count":1,"href":"https:\/\/www.antifaschistische-linke.de\/index.php?rest_route=\/wp\/v2\/pages\/4541\/revisions"}],"predecessor-version":[{"id":7222,"href":"https:\/\/www.antifaschistische-linke.de\/index.php?rest_route=\/wp\/v2\/pages\/4541\/revisions\/7222"}],"wp:featuredmedia":[{"embeddable":true,"href":"https:\/\/www.antifaschistische-linke.de\/index.php?rest_route=\/wp\/v2\/media\/5028"}],"wp:attachment":[{"href":"https:\/\/www.antifaschistische-linke.de\/index.php?rest_route=%2Fwp%2Fv2%2Fmedia&parent=4541"}],"curies":[{"name":"wp","href":"https:\/\/api.w.org\/{rel}","templated":true}]}}