{"id":7227,"date":"2022-12-04T18:32:05","date_gmt":"2022-12-04T17:32:05","guid":{"rendered":"https:\/\/www.antifaschistische-linke.de\/?page_id=7227"},"modified":"2022-12-04T18:32:07","modified_gmt":"2022-12-04T17:32:07","slug":"freiburg-gegen-rechts","status":"publish","type":"page","link":"https:\/\/www.antifaschistische-linke.de\/?page_id=7227","title":{"rendered":"Freiburg gegen Rechts"},"content":{"rendered":"\n<p><strong>Wir sind aktiv im B\u00fcndnis <a rel=\"noreferrer noopener\" href=\"https:\/\/freiburg-gegen-rechts.de\/\" data-type=\"URL\" data-id=\"https:\/\/freiburg-gegen-rechts.de\/\" target=\"_blank\">Freiburg gegen Rechts<\/a>.<\/strong><\/p>\n\n\n\n<figure class=\"wp-block-image\"><img decoding=\"async\" src=\"https:\/\/freiburg-gegen-rechts.de\/wp-content\/uploads\/2022\/10\/Logo-FRgR.webp\" alt=\"Freiburg gegen Rechts\" title=\"\"\/><\/figure>\n\n\n\n<p>In den letzten Jahren hat sich ein gesamtgesellschaftlicher Rechtsruck entwickelt. Sei es die \u00f6ffentliche Debatte um wahlkampfrelevante Themen, wie Sicherheit, Migration und Klimaschutz oder die Reaktion auf rechte Anschl\u00e4ge und Gewalttaten \u2013 der Diskurs verschiebt sich immer weiter nach rechts. Dabei haben uns auch die Proteste gegen die Coronama\u00dfnahmen gezeigt, dass politischer Unmut zunehmend von rechten Akteur*innen vereinnahmt wird.<\/p>\n\n\n\n<p>Lange Zeit gab es in Freiburg kein breites, zivilgesellschaftliches B\u00fcndnis, das sich klar gegen rechte Mobilisierung in Freiburg stellt. Damit wurde Rechten viel Handlungsspielraum \u00fcberlassen, anstatt diesen zu verkleinern. Als Reaktion hat sich das breite, zivilgesellschaftliche B\u00fcndnis \u201eFreiburg gegen Rechts\u201c gegr\u00fcndet, an dem bisher der VVN-BdA, die Freiburger Gewerkschaften des DGB sowie deren Jugendorganisationen, verschiedene Jugendparteien und weitere lokale Akteur*innen beteiligt sind.<\/p>\n\n\n\n<p><strong>Langfristig will das B\u00fcndnis Rechte und rechte Strukturen so weit wie m\u00f6glich isolieren und rechtem Gedankengut \u2013 egal ob es sich in der Schule, im Betrieb oder auf der Stra\u00dfe breit macht \u2013 konsequent entgegentreten.<\/strong><\/p>\n\n\n\n<p class=\"has-medium-font-size\">Leitlinien:<\/p>\n\n\n\n<p><strong>Wir sind antifaschistisch<\/strong><\/p>\n\n\n\n<p>Antifaschismus beginnt mit einer klaren Positionierung gegen faschistische Ideologie. Dabei darf es nicht bei Lippenbekenntnissen bleiben. Deswegen haben wir uns zusammengeschlossen, um faschistischen Tendenzen in der Stadt und Region auf allen Ebenen gemeinsam und entschlossen entgegenzutreten.<\/p>\n\n\n\n<p><strong>Wir sind solidarisch<\/strong><\/p>\n\n\n\n<p>Gruppenbezogene Menschenfeindlichkeit erkennen wir als Mobilisierungsquelle der Rechten. Deshalb stehen wir solidarisch hinter emanzipatorischen K\u00e4mpfen und treten f\u00fcr eine Gesellschaft ein, in der Diskriminierung keinen Platz hat. In unserem B\u00fcndnis m\u00f6chten wir einen daf\u00fcr sensiblen Umgang schaffen.<\/p>\n\n\n\n<p><strong>Wir sind \u00fcberparteilich<\/strong><\/p>\n\n\n\n<p>Wir treten als B\u00fcndnis nach au\u00dfen geschlossen auf. Die Diversit\u00e4t der Gruppen und Einzelpersonen versuchen wir auf den Treffen einzufangen. Wir verstehen Antifaschismus als grundlegende Voraussetzung f\u00fcr unsere Politik und nicht als Verhandlungsgegenstand demokratischer Parteien. Deshalb verzichten wir als B\u00fcndnis bei \u00f6ffentlichen Veranstaltungen und in der \u00d6ffentlichkeitsarbeit auf Parteisymbole. Parteien sind selbstverst\u00e4ndlich trotzdem nicht von diesen ausgeschlossen.<\/p>\n\n\n\n<p><strong>Wir sind ein offenes Angebot<\/strong><\/p>\n\n\n\n<p>Alle die sich mit unserer Arbeit und unseren Leitlinie identifizieren k\u00f6nnen sind herzlich eingeladen an dem B\u00fcndnis mitzuwirken.<\/p>\n","protected":false},"excerpt":{"rendered":"<p>Wir sind aktiv im B\u00fcndnis Freiburg gegen Rechts. In den letzten Jahren hat sich ein gesamtgesellschaftlicher Rechtsruck entwickelt. Sei es die \u00f6ffentliche Debatte um wahlkampfrelevante Themen, wie Sicherheit, Migration und Klimaschutz oder die Reaktion auf rechte Anschl\u00e4ge und Gewalttaten \u2013 der Diskurs verschiebt sich immer weiter nach rechts. Dabei haben uns auch die Proteste gegen [&hellip;]<\/p>\n","protected":false},"author":1,"featured_media":0,"parent":0,"menu_order":0,"comment_status":"closed","ping_status":"closed","template":"","meta":[],"_links":{"self":[{"href":"https:\/\/www.antifaschistische-linke.de\/index.php?rest_route=\/wp\/v2\/pages\/7227"}],"collection":[{"href":"https:\/\/www.antifaschistische-linke.de\/index.php?rest_route=\/wp\/v2\/pages"}],"about":[{"href":"https:\/\/www.antifaschistische-linke.de\/index.php?rest_route=\/wp\/v2\/types\/page"}],"author":[{"embeddable":true,"href":"https:\/\/www.antifaschistische-linke.de\/index.php?rest_route=\/wp\/v2\/users\/1"}],"replies":[{"embeddable":true,"href":"https:\/\/www.antifaschistische-linke.de\/index.php?rest_route=%2Fwp%2Fv2%2Fcomments&post=7227"}],"version-history":[{"count":3,"href":"https:\/\/www.antifaschistische-linke.de\/index.php?rest_route=\/wp\/v2\/pages\/7227\/revisions"}],"predecessor-version":[{"id":7230,"href":"https:\/\/www.antifaschistische-linke.de\/index.php?rest_route=\/wp\/v2\/pages\/7227\/revisions\/7230"}],"wp:attachment":[{"href":"https:\/\/www.antifaschistische-linke.de\/index.php?rest_route=%2Fwp%2Fv2%2Fmedia&parent=7227"}],"curies":[{"name":"wp","href":"https:\/\/api.w.org\/{rel}","templated":true}]}}