{"id":7231,"date":"2022-12-04T18:37:17","date_gmt":"2022-12-04T17:37:17","guid":{"rendered":"https:\/\/www.antifaschistische-linke.de\/?page_id=7231"},"modified":"2022-12-04T18:37:20","modified_gmt":"2022-12-04T17:37:20","slug":"mietenbuendnis-freiburg","status":"publish","type":"page","link":"https:\/\/www.antifaschistische-linke.de\/?page_id=7231","title":{"rendered":"Mietenb\u00fcndnis Freiburg"},"content":{"rendered":"\n<p><strong>Wir sind aktiv im <a href=\"https:\/\/www.mietenbuendnis-freiburg.de\/\">Freiburger Mietenb\u00fcndnis<\/a>.<\/strong><\/p>\n\n\n\n<figure class=\"wp-block-image size-full\"><img decoding=\"async\" loading=\"lazy\" width=\"680\" height=\"330\" src=\"https:\/\/www.antifaschistische-linke.de\/wp-content\/uploads\/kampagne-e1603746552352-680x330-1.jpg\" alt=\"\" class=\"wp-image-7232\" srcset=\"https:\/\/www.antifaschistische-linke.de\/wp-content\/uploads\/kampagne-e1603746552352-680x330-1.jpg 680w, https:\/\/www.antifaschistische-linke.de\/wp-content\/uploads\/kampagne-e1603746552352-680x330-1-300x146.jpg 300w\" sizes=\"(max-width: 680px) 100vw, 680px\" \/><\/figure>\n\n\n\n<h3 class=\"has-medium-font-size\">\u201eMietenb\u00fcndnis Freiburg \u2013 bezahlbare Wohnungen f\u00fcr Alle\u201c<\/h3>\n\n\n\n<p class=\"has-normal-font-size\"><strong>Das B\u00fcndnis hat sich zum Ziel gesetzt<\/strong>, darauf zu achten, dass die 50 % Quote f\u00fcr Sozialen Mietwohnungsbau in Freiburg wirklich umgesetzt wird. Dar\u00fcber hinaus soll alles getan werden, um den Mietenwahnsinn zu stoppen (siehe <a href=\"https:\/\/www.mietenbuendnis-freiburg.de\/mieten-manifest\/\">Mietenpolitisches Manifest<\/a>). Wir setzen uns zum Ziel, in einem \u00f6ffentlichen Diskurs eine breite Mehrheit f\u00fcr dieses Programm zu gewinnen. Dabei sollen die Selbstorganisationen und die Interessensvertretungen der Mieter*innen, analog den Betriebsr\u00e4ten und Gewerkschaften, in ganz Freiburg gef\u00f6rdert werden (z.B. Mieterbeir\u00e4te mit Mitbestimmungsrechten, Genossenschaften, Syndikate, etc.). Zu erreichen sind diese Ziele nur durch das Zusammenwirken m\u00f6glichst vieler gesellschaftlicher Kr\u00e4fte und Organisationen, die sich in b\u00fcrgerschaftlicher und solidarischer Verantwortung dieser gro\u00dfen Aufgabe stellen. Nur gemeinsam k\u00f6nnen wir es schaffen!<\/p>\n\n\n\n<p class=\"has-normal-font-size\"><strong>Das B\u00fcndnis besteht aus:<\/strong>&nbsp; \u201eWohnen ist Menschenrecht\u201c (WiM), DGB Stadtverband Freiburg, Ver.di OV Freiburg, IG BAU Freiburg, Badischer Mieterring, Linke Liste \u2013 Solidarische Stadt, Partei die Linke,&nbsp; AK Stadt der Antifaschistischen Linken, Mieterbeirat der Freiburger Stadtbau (FSB), Arbeitskreis kritische Soziale Arbeit (aks Freiburg), DKP Kreisverband Freiburg, Forum Weingarten, Wohnausschuss Breisacher Hof, Freiburger Arbeitsgemeinschaft Gemeinwesenarbeit (FrAG), \u2026<\/p>\n","protected":false},"excerpt":{"rendered":"<p>Wir sind aktiv im Freiburger Mietenb\u00fcndnis. \u201eMietenb\u00fcndnis Freiburg \u2013 bezahlbare Wohnungen f\u00fcr Alle\u201c Das B\u00fcndnis hat sich zum Ziel gesetzt, darauf zu achten, dass die 50 % Quote f\u00fcr Sozialen Mietwohnungsbau in Freiburg wirklich umgesetzt wird. Dar\u00fcber hinaus soll alles getan werden, um den Mietenwahnsinn zu stoppen (siehe Mietenpolitisches Manifest). Wir setzen uns zum Ziel, [&hellip;]<\/p>\n","protected":false},"author":1,"featured_media":0,"parent":0,"menu_order":0,"comment_status":"closed","ping_status":"closed","template":"","meta":[],"_links":{"self":[{"href":"https:\/\/www.antifaschistische-linke.de\/index.php?rest_route=\/wp\/v2\/pages\/7231"}],"collection":[{"href":"https:\/\/www.antifaschistische-linke.de\/index.php?rest_route=\/wp\/v2\/pages"}],"about":[{"href":"https:\/\/www.antifaschistische-linke.de\/index.php?rest_route=\/wp\/v2\/types\/page"}],"author":[{"embeddable":true,"href":"https:\/\/www.antifaschistische-linke.de\/index.php?rest_route=\/wp\/v2\/users\/1"}],"replies":[{"embeddable":true,"href":"https:\/\/www.antifaschistische-linke.de\/index.php?rest_route=%2Fwp%2Fv2%2Fcomments&post=7231"}],"version-history":[{"count":1,"href":"https:\/\/www.antifaschistische-linke.de\/index.php?rest_route=\/wp\/v2\/pages\/7231\/revisions"}],"predecessor-version":[{"id":7233,"href":"https:\/\/www.antifaschistische-linke.de\/index.php?rest_route=\/wp\/v2\/pages\/7231\/revisions\/7233"}],"wp:attachment":[{"href":"https:\/\/www.antifaschistische-linke.de\/index.php?rest_route=%2Fwp%2Fv2%2Fmedia&parent=7231"}],"curies":[{"name":"wp","href":"https:\/\/api.w.org\/{rel}","templated":true}]}}